{"id":3300,"date":"2025-05-21T12:01:03","date_gmt":"2025-05-21T12:01:03","guid":{"rendered":"https:\/\/saimaanvalo.fi\/?page_id=3300"},"modified":"2025-05-21T12:07:00","modified_gmt":"2025-05-21T12:07:00","slug":"tietosuojaseloste","status":"publish","type":"page","link":"https:\/\/saimaanvalo.fi\/en\/tietosuojaseloste\/","title":{"rendered":"Tietosuojaseloste"},"content":{"rendered":"<div data-elementor-type=\"wp-page\" data-elementor-id=\"3300\" class=\"elementor elementor-3300\" data-elementor-post-type=\"page\">\n\t\t\t\t\t\t<section class=\"elementor-section elementor-top-section elementor-element elementor-element-92f5b38 elementor-section-boxed elementor-section-height-default elementor-section-height-default\" data-id=\"92f5b38\" data-element_type=\"section\">\n\t\t\t\t\t\t<div class=\"elementor-container elementor-column-gap-default\">\n\t\t\t\t\t<div class=\"elementor-column elementor-col-100 elementor-top-column elementor-element elementor-element-3430f9f\" data-id=\"3430f9f\" data-element_type=\"column\">\n\t\t\t<div class=\"elementor-widget-wrap elementor-element-populated\">\n\t\t\t\t\t\t<div class=\"elementor-element elementor-element-f469e1a elementor-widget elementor-widget-text-editor\" data-id=\"f469e1a\" data-element_type=\"widget\" data-widget_type=\"text-editor.default\">\n\t\t\t\t<div class=\"elementor-widget-container\">\n\t\t\t\t\t\t\t\t\t<h3>Rekisteri- ja tietosuojaseloste<\/h3><p>T\u00e4m\u00e4 on Yrityksen EU:n yleisen tietosuoja-asetuksen (GDPR) mukainen rekisteri- ja tietosuojaseloste. Laadittu 21.5.2025.\u00a0<\/p><h3>1. Rekisterinpit\u00e4j\u00e4<\/h3><p>Saimaanvalo Oy (<span style=\"font-size: 16px;\">3356924-4<\/span><span style=\"font-size: 16px;\">)<\/span><\/p><h3>2. Rekisterist\u00e4 vastaava yhteyshenkil\u00f6<\/h3><p>Eira Kotoneva, eira@saimaanvalo.fi<\/p><h3>3. Rekisterin nimi<\/h3><p>Asiakasrekisteri.<\/p><h3>4. Oikeusperuste ja henkil\u00f6tietojen k\u00e4sittelyn tarkoitus<\/h3><p>EU:n yleisen tietosuoja-asetuksen mukainen oikeusperuste henkil\u00f6tietojen k\u00e4sittelylle on henkil\u00f6n suostumus (vapaaehtoinen)<\/p><p>Henkil\u00f6tietojen k\u00e4sittelyn tarkoitus on yhteydenpito asiakkaisiin.<\/p><p>Tietoja ei k\u00e4ytet\u00e4 automatisoituun p\u00e4\u00e4t\u00f6ksentekoon tai profilointiin.\u00a0<\/p><h3>5. Rekisterin tietosis\u00e4lt\u00f6<\/h3><p>Rekisteriin tallennettavia tietoja ovat: henkil\u00f6n nimi ja yhteystiedot (puhelinnumero, s\u00e4hk\u00f6postiosoite), verkkoyhteyden IP-osoite.<\/p><p>Tietoja s\u00e4ilytet\u00e4\u00e4n niin kauan, kun ne ovat tarpeen henkil\u00f6tietojen k\u00e4ytt\u00f6tarkoituksen kannalta<\/p><p>Verkkosivuston vierailijoiden IP-osoitteita ja palvelun toiminnoille v\u00e4ltt\u00e4m\u00e4tt\u00f6mi\u00e4 ev\u00e4steit\u00e4 k\u00e4sitell\u00e4\u00e4n oikeutetun edun perusteella mm. tietoturvasta huolehtimiseksi ja sivuston vierailijoiden tilastotietojen keruuta varten niiss\u00e4 tapauksissa, kun niiden voidaan katsoa olevan henkil\u00f6tietoja. Kolmansien osapuolten ev\u00e4steille pyydet\u00e4\u00e4n tarvittaessa suostumus erikseen.<\/p><h3>6. S\u00e4\u00e4nn\u00f6nmukaiset tietol\u00e4hteet<\/h3><p>Rekisteriin tallennettavat tiedot saadaan asiakkaalta yhtedenottolomakkeilla l\u00e4hetetyist\u00e4 viesteist\u00e4, s\u00e4hk\u00f6postitse, puhelimitse, sosiaalisen median palvelujen kautta, sopimuksista, asiakastapaamisista ja muista tilanteista, joissa asiakas luovuttaa tietojaan.<\/p><p>Yritysten ja muiden organisaatioiden yhteyshenkil\u00f6iden tietoja voidaan ker\u00e4t\u00e4 my\u00f6s julkisista l\u00e4hteist\u00e4 kuten verkkosivuilta, hakemistopalveluista ja muilta yrityksilt\u00e4.<\/p><h3>7. Tietojen s\u00e4\u00e4nn\u00f6nmukaiset luovutukset ja tietojen siirto EU:n tai ETA:n ulkopuolelle<\/h3><p>Tietoja ei luovuteta s\u00e4\u00e4nn\u00f6nmukaisesti muille tahoille. Tietoja voidaan julkaista silt\u00e4 osin kuin niin on sovittu asiakkaan kanssa.<\/p><p>Tietoja ei siirret\u00e4 EU:n tai ETA:n ulkopuolelle. Tietoja ei siirret\u00e4 Yhdysvaltoihin ilman rekister\u00f6ityjen nimenomaista suostumusta.<\/p><h3>8. Rekisterin suojauksen periaatteet<\/h3><p>Rekisterin k\u00e4sittelyss\u00e4 noudatetaan huolellisuutta ja tietoj\u00e4rjestelmien avulla k\u00e4sitelt\u00e4v\u00e4t tiedot suojataan asianmukaisesti ja digitaalisesta tietoturvasta huolehditaan asiaankuuluvasti. Rekisterinpit\u00e4j\u00e4 huolehtii siit\u00e4, ett\u00e4 tallennettuja tietoja sek\u00e4 palvelimien k\u00e4ytt\u00f6oikeuksia ja muita henkil\u00f6tietojen turvallisuuden kannalta kriittisi\u00e4 tietoja k\u00e4sitell\u00e4\u00e4n luottamuksellisesti ja vain niiden ty\u00f6ntekij\u00f6iden toimesta, joiden ty\u00f6nkuvaan se kuuluu.<\/p><h3>9. Tarkastusoikeus ja oikeus vaatia tiedon korjaamista<\/h3><p>Jokaisella rekisteriss\u00e4 olevalla henkil\u00f6ll\u00e4 on oikeus tarkistaa rekisteriin tallennetut tietonsa ja vaatia mahdollisen virheellisen tiedon korjaamista tai puutteellisen tiedon t\u00e4ydent\u00e4mist\u00e4. Mik\u00e4li henkil\u00f6 haluaa tarkistaa h\u00e4nest\u00e4 tallennetut tiedot tai vaatia niihin oikaisua, pyynt\u00f6 tulee\u00a0l\u00e4hett\u00e4\u00e4 kirjallisesti\u00a0rekisterinpit\u00e4j\u00e4lle. Rekisterinpit\u00e4j\u00e4 voi pyyt\u00e4\u00e4 tarvittaessa pyynn\u00f6n esitt\u00e4j\u00e4\u00e4 todistamaan henkil\u00f6llisyytens\u00e4. Rekisterinpit\u00e4j\u00e4 vastaa asiakkaalle EU:n tietosuoja-asetuksessa s\u00e4\u00e4detyss\u00e4 ajassa (p\u00e4\u00e4s\u00e4\u00e4nt\u00f6isesti kuukauden kuluessa).<\/p><h3>10. Muut henkil\u00f6tietojen k\u00e4sittelyyn liittyv\u00e4t oikeudet<\/h3><p>Rekisteriss\u00e4 olevalla henkil\u00f6ll\u00e4 on oikeus pyyt\u00e4\u00e4 h\u00e4nt\u00e4 koskevien henkil\u00f6tietojen poistamiseen rekisterist\u00e4 (\u201doikeus tulla unohdetuksi\u201d). Niin ik\u00e4\u00e4n rekister\u00f6idyill\u00e4 on muut\u00a0<a class=\"c10\" href=\"http:\/\/eur-lex.europa.eu\/legal-content\/FI\/TXT\/?uri=CELEX%3A32016R0679#d1e2144-1-1\" target=\"_blank\" rel=\"noopener\">EU:n yleisen tietosuoja-asetuksen mukaiset oikeudet<\/a>\u00a0kuten henkil\u00f6tietojen k\u00e4sittelyn rajoittaminen tietyiss\u00e4 tilanteissa. Pyynn\u00f6t tulee\u00a0l\u00e4hett\u00e4\u00e4 kirjallisesti\u00a0rekisterinpit\u00e4j\u00e4lle. Rekisterinpit\u00e4j\u00e4 voi pyyt\u00e4\u00e4 tarvittaessa pyynn\u00f6n esitt\u00e4j\u00e4\u00e4 todistamaan henkil\u00f6llisyytens\u00e4. Rekisterinpit\u00e4j\u00e4 vastaa asiakkaalle EU:n tietosuoja-asetuksessa s\u00e4\u00e4detyss\u00e4 ajassa (p\u00e4\u00e4s\u00e4\u00e4nt\u00f6isesti kuukauden kuluessa).<\/p>\t\t\t\t\t\t\t\t<\/div>\n\t\t\t\t<\/div>\n\t\t\t\t\t<\/div>\n\t\t<\/div>\n\t\t\t\t\t<\/div>\n\t\t<\/section>\n\t\t\t\t<\/div>","protected":false},"excerpt":{"rendered":"<p>Rekisteri- ja tietosuojaseloste T\u00e4m\u00e4 on Yrityksen EU:n yleisen tietosuoja-asetuksen (GDPR) mukainen rekisteri- ja tietosuojaseloste. Laadittu 21.5.2025.\u00a0 1. Rekisterinpit\u00e4j\u00e4 Saimaanvalo Oy (3356924-4) 2. Rekisterist\u00e4 vastaava yhteyshenkil\u00f6 Eira Kotoneva, eira@saimaanvalo.fi 3. Rekisterin nimi Asiakasrekisteri. 4. Oikeusperuste ja henkil\u00f6tietojen k\u00e4sittelyn tarkoitus EU:n yleisen tietosuoja-asetuksen mukainen oikeusperuste henkil\u00f6tietojen k\u00e4sittelylle on henkil\u00f6n suostumus (vapaaehtoinen) Henkil\u00f6tietojen k\u00e4sittelyn tarkoitus on yhteydenpito asiakkaisiin. [&hellip;]<\/p>","protected":false},"author":1,"featured_media":0,"parent":0,"menu_order":0,"comment_status":"closed","ping_status":"closed","template":"","meta":{"_uag_custom_page_level_css":"","site-sidebar-layout":"no-sidebar","site-content-layout":"page-builder","ast-site-content-layout":"full-width-container","site-content-style":"default","site-sidebar-style":"default","ast-global-header-display":"","ast-banner-title-visibility":"","ast-main-header-display":"","ast-hfb-above-header-display":"","ast-hfb-below-header-display":"","ast-hfb-mobile-header-display":"","site-post-title":"disabled","ast-breadcrumbs-content":"","ast-featured-img":"disabled","footer-sml-layout":"","theme-transparent-header-meta":"","adv-header-id-meta":"","stick-header-meta":"","header-above-stick-meta":"","header-main-stick-meta":"","header-below-stick-meta":"","astra-migrate-meta-layouts":"set","ast-page-background-enabled":"default","ast-page-background-meta":{"desktop":{"background-color":"","background-image":"","background-repeat":"repeat","background-position":"center center","background-size":"auto","background-attachment":"scroll","background-type":"","background-media":"","overlay-type":"","overlay-color":"","overlay-opacity":"","overlay-gradient":""},"tablet":{"background-color":"","background-image":"","background-repeat":"repeat","background-position":"center center","background-size":"auto","background-attachment":"scroll","background-type":"","background-media":"","overlay-type":"","overlay-color":"","overlay-opacity":"","overlay-gradient":""},"mobile":{"background-color":"","background-image":"","background-repeat":"repeat","background-position":"center center","background-size":"auto","background-attachment":"scroll","background-type":"","background-media":"","overlay-type":"","overlay-color":"","overlay-opacity":"","overlay-gradient":""}},"ast-content-background-meta":{"desktop":{"background-color":"var(--ast-global-color-5)","background-image":"","background-repeat":"repeat","background-position":"center center","background-size":"auto","background-attachment":"scroll","background-type":"","background-media":"","overlay-type":"","overlay-color":"","overlay-opacity":"","overlay-gradient":""},"tablet":{"background-color":"var(--ast-global-color-5)","background-image":"","background-repeat":"repeat","background-position":"center center","background-size":"auto","background-attachment":"scroll","background-type":"","background-media":"","overlay-type":"","overlay-color":"","overlay-opacity":"","overlay-gradient":""},"mobile":{"background-color":"var(--ast-global-color-5)","background-image":"","background-repeat":"repeat","background-position":"center center","background-size":"auto","background-attachment":"scroll","background-type":"","background-media":"","overlay-type":"","overlay-color":"","overlay-opacity":"","overlay-gradient":""}},"footnotes":""},"class_list":["post-3300","page","type-page","status-publish","hentry"],"yoast_head":"<!-- This site is optimized with the Yoast SEO plugin v24.4 - https:\/\/yoast.com\/wordpress\/plugins\/seo\/ -->\n<title>Tietosuojaseloste - Saimaanvalo<\/title>\n<meta name=\"robots\" content=\"index, follow, max-snippet:-1, max-image-preview:large, max-video-preview:-1\" \/>\n<link rel=\"canonical\" href=\"https:\/\/saimaanvalo.fi\/en\/tietosuojaseloste\/\" \/>\n<meta property=\"og:locale\" content=\"en_GB\" \/>\n<meta property=\"og:type\" content=\"article\" \/>\n<meta property=\"og:title\" content=\"Tietosuojaseloste - Saimaanvalo\" \/>\n<meta property=\"og:description\" content=\"Rekisteri- ja tietosuojaseloste T\u00e4m\u00e4 on Yrityksen EU:n yleisen tietosuoja-asetuksen (GDPR) mukainen rekisteri- ja tietosuojaseloste. Laadittu 21.5.2025.\u00a0 1. Rekisterinpit\u00e4j\u00e4 Saimaanvalo Oy (3356924-4) 2. Rekisterist\u00e4 vastaava yhteyshenkil\u00f6 Eira Kotoneva, eira@saimaanvalo.fi 3. Rekisterin nimi Asiakasrekisteri. 4. Oikeusperuste ja henkil\u00f6tietojen k\u00e4sittelyn tarkoitus EU:n yleisen tietosuoja-asetuksen mukainen oikeusperuste henkil\u00f6tietojen k\u00e4sittelylle on henkil\u00f6n suostumus (vapaaehtoinen) Henkil\u00f6tietojen k\u00e4sittelyn tarkoitus on yhteydenpito asiakkaisiin. [&hellip;]\" \/>\n<meta property=\"og:url\" content=\"https:\/\/saimaanvalo.fi\/en\/tietosuojaseloste\/\" \/>\n<meta property=\"og:site_name\" content=\"Saimaanvalo\" \/>\n<meta property=\"article:modified_time\" content=\"2025-05-21T12:07:00+00:00\" \/>\n<meta name=\"twitter:card\" content=\"summary_large_image\" \/>\n<meta name=\"twitter:label1\" content=\"Estimated reading time\" \/>\n\t<meta name=\"twitter:data1\" content=\"3 minutes\" \/>\n<script type=\"application\/ld+json\" class=\"yoast-schema-graph\">{\"@context\":\"https:\/\/schema.org\",\"@graph\":[{\"@type\":\"WebPage\",\"@id\":\"https:\/\/saimaanvalo.fi\/tietosuojaseloste\/\",\"url\":\"https:\/\/saimaanvalo.fi\/tietosuojaseloste\/\",\"name\":\"Tietosuojaseloste - Saimaanvalo\",\"isPartOf\":{\"@id\":\"https:\/\/saimaanvalo.fi\/#website\"},\"datePublished\":\"2025-05-21T12:01:03+00:00\",\"dateModified\":\"2025-05-21T12:07:00+00:00\",\"breadcrumb\":{\"@id\":\"https:\/\/saimaanvalo.fi\/tietosuojaseloste\/#breadcrumb\"},\"inLanguage\":\"en-GB\",\"potentialAction\":[{\"@type\":\"ReadAction\",\"target\":[\"https:\/\/saimaanvalo.fi\/tietosuojaseloste\/\"]}]},{\"@type\":\"BreadcrumbList\",\"@id\":\"https:\/\/saimaanvalo.fi\/tietosuojaseloste\/#breadcrumb\",\"itemListElement\":[{\"@type\":\"ListItem\",\"position\":1,\"name\":\"Etusivu\",\"item\":\"https:\/\/saimaanvalo.fi\/\"},{\"@type\":\"ListItem\",\"position\":2,\"name\":\"Tietosuojaseloste\"}]},{\"@type\":\"WebSite\",\"@id\":\"https:\/\/saimaanvalo.fi\/#website\",\"url\":\"https:\/\/saimaanvalo.fi\/\",\"name\":\"Saimaanvalo\",\"description\":\"Saimaanvalo tarjoaa laajasti erilaisia hyvinvoinnin palveluita.\",\"publisher\":{\"@id\":\"https:\/\/saimaanvalo.fi\/#organization\"},\"potentialAction\":[{\"@type\":\"SearchAction\",\"target\":{\"@type\":\"EntryPoint\",\"urlTemplate\":\"https:\/\/saimaanvalo.fi\/?s={search_term_string}\"},\"query-input\":{\"@type\":\"PropertyValueSpecification\",\"valueRequired\":true,\"valueName\":\"search_term_string\"}}],\"inLanguage\":\"en-GB\"},{\"@type\":\"Organization\",\"@id\":\"https:\/\/saimaanvalo.fi\/#organization\",\"name\":\"Saimaanvalo\",\"url\":\"https:\/\/saimaanvalo.fi\/\",\"logo\":{\"@type\":\"ImageObject\",\"inLanguage\":\"en-GB\",\"@id\":\"https:\/\/saimaanvalo.fi\/#\/schema\/logo\/image\/\",\"url\":\"https:\/\/saimaanvalo.fi\/wp-content\/uploads\/2023\/06\/Saimaanvalo-ikoni-1.png\",\"contentUrl\":\"https:\/\/saimaanvalo.fi\/wp-content\/uploads\/2023\/06\/Saimaanvalo-ikoni-1.png\",\"width\":500,\"height\":500,\"caption\":\"Saimaanvalo\"},\"image\":{\"@id\":\"https:\/\/saimaanvalo.fi\/#\/schema\/logo\/image\/\"}}]}<\/script>\n<!-- \/ Yoast SEO plugin. -->","yoast_head_json":{"title":"Tietosuojaseloste - Saimaanvalo","robots":{"index":"index","follow":"follow","max-snippet":"max-snippet:-1","max-image-preview":"max-image-preview:large","max-video-preview":"max-video-preview:-1"},"canonical":"https:\/\/saimaanvalo.fi\/en\/tietosuojaseloste\/","og_locale":"en_GB","og_type":"article","og_title":"Tietosuojaseloste - Saimaanvalo","og_description":"Rekisteri- ja tietosuojaseloste T\u00e4m\u00e4 on Yrityksen EU:n yleisen tietosuoja-asetuksen (GDPR) mukainen rekisteri- ja tietosuojaseloste. Laadittu 21.5.2025.\u00a0 1. Rekisterinpit\u00e4j\u00e4 Saimaanvalo Oy (3356924-4) 2. Rekisterist\u00e4 vastaava yhteyshenkil\u00f6 Eira Kotoneva, eira@saimaanvalo.fi 3. Rekisterin nimi Asiakasrekisteri. 4. Oikeusperuste ja henkil\u00f6tietojen k\u00e4sittelyn tarkoitus EU:n yleisen tietosuoja-asetuksen mukainen oikeusperuste henkil\u00f6tietojen k\u00e4sittelylle on henkil\u00f6n suostumus (vapaaehtoinen) Henkil\u00f6tietojen k\u00e4sittelyn tarkoitus on yhteydenpito asiakkaisiin. [&hellip;]","og_url":"https:\/\/saimaanvalo.fi\/en\/tietosuojaseloste\/","og_site_name":"Saimaanvalo","article_modified_time":"2025-05-21T12:07:00+00:00","twitter_card":"summary_large_image","twitter_misc":{"Estimated reading time":"3 minutes"},"schema":{"@context":"https:\/\/schema.org","@graph":[{"@type":"WebPage","@id":"https:\/\/saimaanvalo.fi\/tietosuojaseloste\/","url":"https:\/\/saimaanvalo.fi\/tietosuojaseloste\/","name":"Tietosuojaseloste - Saimaanvalo","isPartOf":{"@id":"https:\/\/saimaanvalo.fi\/#website"},"datePublished":"2025-05-21T12:01:03+00:00","dateModified":"2025-05-21T12:07:00+00:00","breadcrumb":{"@id":"https:\/\/saimaanvalo.fi\/tietosuojaseloste\/#breadcrumb"},"inLanguage":"en-GB","potentialAction":[{"@type":"ReadAction","target":["https:\/\/saimaanvalo.fi\/tietosuojaseloste\/"]}]},{"@type":"BreadcrumbList","@id":"https:\/\/saimaanvalo.fi\/tietosuojaseloste\/#breadcrumb","itemListElement":[{"@type":"ListItem","position":1,"name":"Etusivu","item":"https:\/\/saimaanvalo.fi\/"},{"@type":"ListItem","position":2,"name":"Tietosuojaseloste"}]},{"@type":"WebSite","@id":"https:\/\/saimaanvalo.fi\/#website","url":"https:\/\/saimaanvalo.fi\/","name":"Saimaanvalo","description":"Saimaanvalo tarjoaa laajasti erilaisia hyvinvoinnin palveluita.","publisher":{"@id":"https:\/\/saimaanvalo.fi\/#organization"},"potentialAction":[{"@type":"SearchAction","target":{"@type":"EntryPoint","urlTemplate":"https:\/\/saimaanvalo.fi\/?s={search_term_string}"},"query-input":{"@type":"PropertyValueSpecification","valueRequired":true,"valueName":"search_term_string"}}],"inLanguage":"en-GB"},{"@type":"Organization","@id":"https:\/\/saimaanvalo.fi\/#organization","name":"Saimaanvalo","url":"https:\/\/saimaanvalo.fi\/","logo":{"@type":"ImageObject","inLanguage":"en-GB","@id":"https:\/\/saimaanvalo.fi\/#\/schema\/logo\/image\/","url":"https:\/\/saimaanvalo.fi\/wp-content\/uploads\/2023\/06\/Saimaanvalo-ikoni-1.png","contentUrl":"https:\/\/saimaanvalo.fi\/wp-content\/uploads\/2023\/06\/Saimaanvalo-ikoni-1.png","width":500,"height":500,"caption":"Saimaanvalo"},"image":{"@id":"https:\/\/saimaanvalo.fi\/#\/schema\/logo\/image\/"}}]}},"uagb_featured_image_src":{"full":false,"thumbnail":false,"medium":false,"medium_large":false,"large":false,"1536x1536":false,"2048x2048":false,"trp-custom-language-flag":false},"uagb_author_info":{"display_name":"admin","author_link":"https:\/\/saimaanvalo.fi\/en\/author\/admin\/"},"uagb_comment_info":0,"uagb_excerpt":"Rekisteri- ja tietosuojaseloste T\u00e4m\u00e4 on Yrityksen EU:n yleisen tietosuoja-asetuksen (GDPR) mukainen rekisteri- ja tietosuojaseloste. Laadittu 21.5.2025.\u00a0 1. Rekisterinpit\u00e4j\u00e4 Saimaanvalo Oy (3356924-4) 2. Rekisterist\u00e4 vastaava yhteyshenkil\u00f6 Eira Kotoneva, eira@saimaanvalo.fi 3. Rekisterin nimi Asiakasrekisteri. 4. Oikeusperuste ja henkil\u00f6tietojen k\u00e4sittelyn tarkoitus EU:n yleisen tietosuoja-asetuksen mukainen oikeusperuste henkil\u00f6tietojen k\u00e4sittelylle on henkil\u00f6n suostumus (vapaaehtoinen) Henkil\u00f6tietojen k\u00e4sittelyn tarkoitus on yhteydenpito asiakkaisiin.&hellip;","_links":{"self":[{"href":"https:\/\/saimaanvalo.fi\/en\/wp-json\/wp\/v2\/pages\/3300","targetHints":{"allow":["GET"]}}],"collection":[{"href":"https:\/\/saimaanvalo.fi\/en\/wp-json\/wp\/v2\/pages"}],"about":[{"href":"https:\/\/saimaanvalo.fi\/en\/wp-json\/wp\/v2\/types\/page"}],"author":[{"embeddable":true,"href":"https:\/\/saimaanvalo.fi\/en\/wp-json\/wp\/v2\/users\/1"}],"replies":[{"embeddable":true,"href":"https:\/\/saimaanvalo.fi\/en\/wp-json\/wp\/v2\/comments?post=3300"}],"version-history":[{"count":7,"href":"https:\/\/saimaanvalo.fi\/en\/wp-json\/wp\/v2\/pages\/3300\/revisions"}],"predecessor-version":[{"id":3308,"href":"https:\/\/saimaanvalo.fi\/en\/wp-json\/wp\/v2\/pages\/3300\/revisions\/3308"}],"wp:attachment":[{"href":"https:\/\/saimaanvalo.fi\/en\/wp-json\/wp\/v2\/media?parent=3300"}],"curies":[{"name":"wp","href":"https:\/\/api.w.org\/{rel}","templated":true}]}}