{"id":3418,"date":"2025-05-27T11:49:50","date_gmt":"2025-05-27T11:49:50","guid":{"rendered":"https:\/\/saimaanvalo.fi\/?page_id=3418"},"modified":"2025-05-27T11:51:48","modified_gmt":"2025-05-27T11:51:48","slug":"blogi","status":"publish","type":"page","link":"https:\/\/saimaanvalo.fi\/en\/blogi\/","title":{"rendered":"Blog"},"content":{"rendered":"<div data-elementor-type=\"wp-page\" data-elementor-id=\"3418\" class=\"elementor elementor-3418\" data-elementor-post-type=\"page\">\n\t\t\t\t\t\t<header class=\"elementor-section elementor-top-section elementor-element elementor-element-d536a41 elementor-section-height-min-height elementor-section-full_width elementor-section-height-default elementor-section-items-middle\" data-id=\"d536a41\" data-element_type=\"section\" data-settings=\"{&quot;background_background&quot;:&quot;classic&quot;,&quot;shape_divider_bottom&quot;:&quot;arrow&quot;,&quot;shape_divider_bottom_negative&quot;:&quot;yes&quot;}\">\n\t\t\t\t\t<div class=\"elementor-shape elementor-shape-bottom\" data-negative=\"true\">\n\t\t\t<svg xmlns=\"http:\/\/www.w3.org\/2000\/svg\" viewbox=\"0 0 700 10\" preserveaspectratio=\"none\">\n\t<path class=\"elementor-shape-fill\" d=\"M360 0L350 9.9 340 0 0 0 0 10 700 10 700 0\"\/>\n<\/svg>\t\t<\/div>\n\t\t\t\t\t<div class=\"elementor-container elementor-column-gap-extended\">\n\t\t\t\t\t<div class=\"elementor-column elementor-col-100 elementor-top-column elementor-element elementor-element-119d715\" data-id=\"119d715\" data-element_type=\"column\">\n\t\t\t<div class=\"elementor-widget-wrap elementor-element-populated\">\n\t\t\t\t\t\t<div class=\"elementor-element elementor-element-9ccfb4b elementor-invisible elementor-widget elementor-widget-heading\" data-id=\"9ccfb4b\" data-element_type=\"widget\" data-settings=\"{&quot;_animation&quot;:&quot;fadeInUp&quot;}\" data-widget_type=\"heading.default\">\n\t\t\t\t<div class=\"elementor-widget-container\">\n\t\t\t\t\t<h1 class=\"elementor-heading-title elementor-size-default\">Blog<\/h1>\t\t\t\t<\/div>\n\t\t\t\t<\/div>\n\t\t\t\t\t<\/div>\n\t\t<\/div>\n\t\t\t\t\t<\/div>\n\t\t<\/header>\n\t\t\t\t<section class=\"elementor-section elementor-top-section elementor-element elementor-element-b44be48 elementor-section-boxed elementor-section-height-default elementor-section-height-default\" data-id=\"b44be48\" data-element_type=\"section\" data-settings=\"{&quot;background_background&quot;:&quot;classic&quot;}\">\n\t\t\t\t\t\t<div class=\"elementor-container elementor-column-gap-default\">\n\t\t\t\t\t<div class=\"elementor-column elementor-col-100 elementor-top-column elementor-element elementor-element-b4210ad\" data-id=\"b4210ad\" data-element_type=\"column\">\n\t\t\t<div class=\"elementor-widget-wrap elementor-element-populated\">\n\t\t\t\t\t\t<div class=\"elementor-element elementor-element-b5a1b76 elementor-grid-3 elementor-grid-tablet-2 elementor-grid-mobile-1 elementor-posts--thumbnail-top elementor-card-shadow-yes elementor-posts__hover-gradient elementor-widget elementor-widget-posts\" data-id=\"b5a1b76\" data-element_type=\"widget\" data-settings=\"{&quot;cards_columns&quot;:&quot;3&quot;,&quot;cards_columns_tablet&quot;:&quot;2&quot;,&quot;cards_columns_mobile&quot;:&quot;1&quot;,&quot;cards_row_gap&quot;:{&quot;unit&quot;:&quot;px&quot;,&quot;size&quot;:35,&quot;sizes&quot;:[]},&quot;cards_row_gap_tablet&quot;:{&quot;unit&quot;:&quot;px&quot;,&quot;size&quot;:&quot;&quot;,&quot;sizes&quot;:[]},&quot;cards_row_gap_mobile&quot;:{&quot;unit&quot;:&quot;px&quot;,&quot;size&quot;:&quot;&quot;,&quot;sizes&quot;:[]}}\" data-widget_type=\"posts.cards\">\n\t\t\t\t<div class=\"elementor-widget-container\">\n\t\t\t\t\t\t\t<div class=\"elementor-posts-container elementor-posts elementor-posts--skin-cards elementor-grid\">\n\t\t\t\t<article class=\"elementor-post elementor-grid-item post-3249 post type-post status-publish format-standard hentry category-blogikirjoitukset\">\n\t\t\t<div class=\"elementor-post__card\">\n\t\t\t\t<div class=\"elementor-post__text\">\n\t\t\t\t<h3 class=\"elementor-post__title\">\n\t\t\t<a href=\"https:\/\/saimaanvalo.fi\/en\/blogikirjoitukset\/haulikkoammuntaa-savonlinnassa\/\" >\n\t\t\t\tHaulikkoammuntaa savonlinnassa\t\t\t<\/a>\n\t\t<\/h3>\n\t\t\t\t<div class=\"elementor-post__excerpt\">\n\t\t\t<p>Savonlinnan seudulla on nyt saatavilla kansainv\u00e4lisen haulikkovalmennusta kun sain ISSF:n haulikkovalmennusp\u00e4tevyyden joulukuussa. Nyt lumet ovat sulaneet ja on aika polkaista homma k\u00e4yntiin! Haulikko k\u00e4teen ja t\u00e4ht\u00e4in kohdalleen \u2013 uusi ammuntavalmennus tuo haulikkoharjoittelun Savonlinnaan! Oletko joskus miettinyt, milt\u00e4 tuntuisi nostaa haulikko<\/p>\n\t\t<\/div>\n\t\t\n\t\t<a class=\"elementor-post__read-more\" href=\"https:\/\/saimaanvalo.fi\/en\/blogikirjoitukset\/haulikkoammuntaa-savonlinnassa\/\" aria-label=\"Read more about Haulikkoammuntaa savonlinnassa\" tabindex=\"-1\" >\n\t\t\tLue kokonaan \u00bb\t\t<\/a>\n\n\t\t\t\t<\/div>\n\t\t\t\t<div class=\"elementor-post__meta-data\">\n\t\t\t\t\t<span class=\"elementor-post-date\">\n\t\t\tMay 19, 2025\t\t<\/span>\n\t\t\t\t<\/div>\n\t\t\t\t\t<\/div>\n\t\t<\/article>\n\t\t\t\t<article class=\"elementor-post elementor-grid-item post-2988 post type-post status-publish format-standard hentry category-blogikirjoitukset\">\n\t\t\t<div class=\"elementor-post__card\">\n\t\t\t\t<div class=\"elementor-post__text\">\n\t\t\t\t<h3 class=\"elementor-post__title\">\n\t\t\t<a href=\"https:\/\/saimaanvalo.fi\/en\/blogikirjoitukset\/sananen-lampaiden-ja-kanojen-pidosta-iloja-ja-haasteita\/\" >\n\t\t\t\tSome thoughts about keeping sheep and chickens: Joys and challenges\t\t\t<\/a>\n\t\t<\/h3>\n\t\t\t\t<div class=\"elementor-post__excerpt\">\n\t\t\t<p>\u00a0 Moni haaveilee omavaraisuudesta ja idyllisest\u00e4 maalaisel\u00e4m\u00e4st\u00e4, johon kuuluvat omat lampaat ja kanat. Miten ihana olisi her\u00e4t\u00e4 oman kukon kieuntaan ja hakea tuoreet munat munakkaaseen! Ja onhan se! Tottakai! Mutta, mutta\u2026 Kotiel\u00e4inpihan pit\u00e4minen vaatii energiaa, tietoa ja vastuuntuntoa. Kun ensimm\u00e4isen<\/p>\n\t\t<\/div>\n\t\t\n\t\t<a class=\"elementor-post__read-more\" href=\"https:\/\/saimaanvalo.fi\/en\/blogikirjoitukset\/sananen-lampaiden-ja-kanojen-pidosta-iloja-ja-haasteita\/\" aria-label=\"Read more about Sananen lampaiden ja kanojen pidosta: Iloja ja haasteita\" tabindex=\"-1\" >\n\t\t\tLue kokonaan \u00bb\t\t<\/a>\n\n\t\t\t\t<\/div>\n\t\t\t\t<div class=\"elementor-post__meta-data\">\n\t\t\t\t\t<span class=\"elementor-post-date\">\n\t\t\tJuly 11, 2024\t\t<\/span>\n\t\t\t\t<\/div>\n\t\t\t\t\t<\/div>\n\t\t<\/article>\n\t\t\t\t<article class=\"elementor-post elementor-grid-item post-2372 post type-post status-publish format-standard hentry category-blogikirjoitukset\">\n\t\t\t<div class=\"elementor-post__card\">\n\t\t\t\t<div class=\"elementor-post__text\">\n\t\t\t\t<h3 class=\"elementor-post__title\">\n\t\t\t<a href=\"https:\/\/saimaanvalo.fi\/en\/blogikirjoitukset\/vastuullisuuden-asialla\/\" >\n\t\t\t\tAbout responsibility\t\t\t<\/a>\n\t\t<\/h3>\n\t\t\t\t<div class=\"elementor-post__excerpt\">\n\t\t\t<p>Jokamiehen oikeudet on t\u00e4rke\u00e4 osa suomalaista luontokulttuuria. Voimme marjastaa ja sienest\u00e4\u00e4, retkeill\u00e4 luonnossa ilman erillist\u00e4 lupaa melkein miss\u00e4 vain. Jokamiehen oikeudet tuovat my\u00f6s velvollisuuksia. Luonnossa, ja miksei miss\u00e4 vain, liikkuessa meid\u00e4n tulee kunnioittaa luontoa. Tulen teko on sallottu vain j\u00e4rkeviss\u00e4<\/p>\n\t\t<\/div>\n\t\t\n\t\t<a class=\"elementor-post__read-more\" href=\"https:\/\/saimaanvalo.fi\/en\/blogikirjoitukset\/vastuullisuuden-asialla\/\" aria-label=\"Read more about Vastuullisuuden asialla\" tabindex=\"-1\" >\n\t\t\tLue kokonaan \u00bb\t\t<\/a>\n\n\t\t\t\t<\/div>\n\t\t\t\t<div class=\"elementor-post__meta-data\">\n\t\t\t\t\t<span class=\"elementor-post-date\">\n\t\t\tSeptember 22, 2023\t\t<\/span>\n\t\t\t\t<\/div>\n\t\t\t\t\t<\/div>\n\t\t<\/article>\n\t\t\t\t<article class=\"elementor-post elementor-grid-item post-2215 post type-post status-publish format-standard hentry category-blogikirjoitukset\">\n\t\t\t<div class=\"elementor-post__card\">\n\t\t\t\t<div class=\"elementor-post__text\">\n\t\t\t\t<h3 class=\"elementor-post__title\">\n\t\t\t<a href=\"https:\/\/saimaanvalo.fi\/en\/blogikirjoitukset\/power-of-breathing\/\" >\n\t\t\t\tPower of breathing\t\t\t<\/a>\n\t\t<\/h3>\n\t\t\t\t<div class=\"elementor-post__excerpt\">\n\t\t\t<p>Miten se kes\u00e4 meni niin nopeasti? Vastahan tyt\u00f6t, eli lampaat, tulivat meille ja vastahan min\u00e4 aloitin Sakke ry:n toiminnanjohtajana ja vastahan min\u00e4 lupasin itselleni aikaa relata koko kes\u00e4n. Ja nyt se on mennyt! Nyt pit\u00e4\u00e4 j\u00e4tt\u00e4\u00e4 lomailut ja alkaa kunnolla<\/p>\n\t\t<\/div>\n\t\t\n\t\t<a class=\"elementor-post__read-more\" href=\"https:\/\/saimaanvalo.fi\/en\/blogikirjoitukset\/power-of-breathing\/\" aria-label=\"Read more about Power of breathing\" tabindex=\"-1\" >\n\t\t\tLue kokonaan \u00bb\t\t<\/a>\n\n\t\t\t\t<\/div>\n\t\t\t\t<div class=\"elementor-post__meta-data\">\n\t\t\t\t\t<span class=\"elementor-post-date\">\n\t\t\tSeptember 5, 2023\t\t<\/span>\n\t\t\t\t<\/div>\n\t\t\t\t\t<\/div>\n\t\t<\/article>\n\t\t\t\t<\/div>\n\t\t\n\t\t\t\t\t\t<\/div>\n\t\t\t\t<\/div>\n\t\t\t\t\t<\/div>\n\t\t<\/div>\n\t\t\t\t\t<\/div>\n\t\t<\/section>\n\t\t\t\t<\/div>","protected":false},"excerpt":{"rendered":"<p>Blog<\/p>","protected":false},"author":1,"featured_media":0,"parent":0,"menu_order":0,"comment_status":"closed","ping_status":"closed","template":"","meta":{"_uag_custom_page_level_css":"","site-sidebar-layout":"no-sidebar","site-content-layout":"page-builder","ast-site-content-layout":"full-width-container","site-content-style":"default","site-sidebar-style":"default","ast-global-header-display":"","ast-banner-title-visibility":"","ast-main-header-display":"","ast-hfb-above-header-display":"","ast-hfb-below-header-display":"","ast-hfb-mobile-header-display":"","site-post-title":"disabled","ast-breadcrumbs-content":"","ast-featured-img":"disabled","footer-sml-layout":"","theme-transparent-header-meta":"","adv-header-id-meta":"","stick-header-meta":"","header-above-stick-meta":"","header-main-stick-meta":"","header-below-stick-meta":"","astra-migrate-meta-layouts":"set","ast-page-background-enabled":"default","ast-page-background-meta":{"desktop":{"background-color":"","background-image":"","background-repeat":"repeat","background-position":"center center","background-size":"auto","background-attachment":"scroll","background-type":"","background-media":"","overlay-type":"","overlay-color":"","overlay-opacity":"","overlay-gradient":""},"tablet":{"background-color":"","background-image":"","background-repeat":"repeat","background-position":"center center","background-size":"auto","background-attachment":"scroll","background-type":"","background-media":"","overlay-type":"","overlay-color":"","overlay-opacity":"","overlay-gradient":""},"mobile":{"background-color":"","background-image":"","background-repeat":"repeat","background-position":"center center","background-size":"auto","background-attachment":"scroll","background-type":"","background-media":"","overlay-type":"","overlay-color":"","overlay-opacity":"","overlay-gradient":""}},"ast-content-background-meta":{"desktop":{"background-color":"var(--ast-global-color-5)","background-image":"","background-repeat":"repeat","background-position":"center center","background-size":"auto","background-attachment":"scroll","background-type":"","background-media":"","overlay-type":"","overlay-color":"","overlay-opacity":"","overlay-gradient":""},"tablet":{"background-color":"var(--ast-global-color-5)","background-image":"","background-repeat":"repeat","background-position":"center center","background-size":"auto","background-attachment":"scroll","background-type":"","background-media":"","overlay-type":"","overlay-color":"","overlay-opacity":"","overlay-gradient":""},"mobile":{"background-color":"var(--ast-global-color-5)","background-image":"","background-repeat":"repeat","background-position":"center center","background-size":"auto","background-attachment":"scroll","background-type":"","background-media":"","overlay-type":"","overlay-color":"","overlay-opacity":"","overlay-gradient":""}},"footnotes":""},"class_list":["post-3418","page","type-page","status-publish","hentry"],"yoast_head":"<!-- This site is optimized with the Yoast SEO plugin v24.4 - https:\/\/yoast.com\/wordpress\/plugins\/seo\/ -->\n<title>Blogi - Saimaanvalo<\/title>\n<meta name=\"robots\" content=\"index, follow, max-snippet:-1, max-image-preview:large, max-video-preview:-1\" \/>\n<link rel=\"canonical\" href=\"https:\/\/saimaanvalo.fi\/en\/blogi\/\" \/>\n<meta property=\"og:locale\" content=\"en_GB\" \/>\n<meta property=\"og:type\" content=\"article\" \/>\n<meta property=\"og:title\" content=\"Blogi - Saimaanvalo\" \/>\n<meta property=\"og:description\" content=\"Blogi\" \/>\n<meta property=\"og:url\" content=\"https:\/\/saimaanvalo.fi\/en\/blogi\/\" \/>\n<meta property=\"og:site_name\" content=\"Saimaanvalo\" \/>\n<meta property=\"article:modified_time\" content=\"2025-05-27T11:51:48+00:00\" \/>\n<meta name=\"twitter:card\" content=\"summary_large_image\" \/>\n<meta name=\"twitter:label1\" content=\"Estimated reading time\" \/>\n\t<meta name=\"twitter:data1\" content=\"3 minutes\" \/>\n<script type=\"application\/ld+json\" class=\"yoast-schema-graph\">{\"@context\":\"https:\/\/schema.org\",\"@graph\":[{\"@type\":\"WebPage\",\"@id\":\"https:\/\/saimaanvalo.fi\/blogi\/\",\"url\":\"https:\/\/saimaanvalo.fi\/blogi\/\",\"name\":\"Blogi - Saimaanvalo\",\"isPartOf\":{\"@id\":\"https:\/\/saimaanvalo.fi\/#website\"},\"datePublished\":\"2025-05-27T11:49:50+00:00\",\"dateModified\":\"2025-05-27T11:51:48+00:00\",\"breadcrumb\":{\"@id\":\"https:\/\/saimaanvalo.fi\/blogi\/#breadcrumb\"},\"inLanguage\":\"en-GB\",\"potentialAction\":[{\"@type\":\"ReadAction\",\"target\":[\"https:\/\/saimaanvalo.fi\/blogi\/\"]}]},{\"@type\":\"BreadcrumbList\",\"@id\":\"https:\/\/saimaanvalo.fi\/blogi\/#breadcrumb\",\"itemListElement\":[{\"@type\":\"ListItem\",\"position\":1,\"name\":\"Etusivu\",\"item\":\"https:\/\/saimaanvalo.fi\/\"},{\"@type\":\"ListItem\",\"position\":2,\"name\":\"Blogi\"}]},{\"@type\":\"WebSite\",\"@id\":\"https:\/\/saimaanvalo.fi\/#website\",\"url\":\"https:\/\/saimaanvalo.fi\/\",\"name\":\"Saimaanvalo\",\"description\":\"Saimaanvalo tarjoaa laajasti erilaisia hyvinvoinnin palveluita.\",\"publisher\":{\"@id\":\"https:\/\/saimaanvalo.fi\/#organization\"},\"potentialAction\":[{\"@type\":\"SearchAction\",\"target\":{\"@type\":\"EntryPoint\",\"urlTemplate\":\"https:\/\/saimaanvalo.fi\/?s={search_term_string}\"},\"query-input\":{\"@type\":\"PropertyValueSpecification\",\"valueRequired\":true,\"valueName\":\"search_term_string\"}}],\"inLanguage\":\"en-GB\"},{\"@type\":\"Organization\",\"@id\":\"https:\/\/saimaanvalo.fi\/#organization\",\"name\":\"Saimaanvalo\",\"url\":\"https:\/\/saimaanvalo.fi\/\",\"logo\":{\"@type\":\"ImageObject\",\"inLanguage\":\"en-GB\",\"@id\":\"https:\/\/saimaanvalo.fi\/#\/schema\/logo\/image\/\",\"url\":\"https:\/\/saimaanvalo.fi\/wp-content\/uploads\/2023\/06\/Saimaanvalo-ikoni-1.png\",\"contentUrl\":\"https:\/\/saimaanvalo.fi\/wp-content\/uploads\/2023\/06\/Saimaanvalo-ikoni-1.png\",\"width\":500,\"height\":500,\"caption\":\"Saimaanvalo\"},\"image\":{\"@id\":\"https:\/\/saimaanvalo.fi\/#\/schema\/logo\/image\/\"}}]}<\/script>\n<!-- \/ Yoast SEO plugin. -->","yoast_head_json":{"title":"Blogi - Saimaanvalo","robots":{"index":"index","follow":"follow","max-snippet":"max-snippet:-1","max-image-preview":"max-image-preview:large","max-video-preview":"max-video-preview:-1"},"canonical":"https:\/\/saimaanvalo.fi\/en\/blogi\/","og_locale":"en_GB","og_type":"article","og_title":"Blogi - Saimaanvalo","og_description":"Blogi","og_url":"https:\/\/saimaanvalo.fi\/en\/blogi\/","og_site_name":"Saimaanvalo","article_modified_time":"2025-05-27T11:51:48+00:00","twitter_card":"summary_large_image","twitter_misc":{"Estimated reading time":"3 minutes"},"schema":{"@context":"https:\/\/schema.org","@graph":[{"@type":"WebPage","@id":"https:\/\/saimaanvalo.fi\/blogi\/","url":"https:\/\/saimaanvalo.fi\/blogi\/","name":"Blogi - Saimaanvalo","isPartOf":{"@id":"https:\/\/saimaanvalo.fi\/#website"},"datePublished":"2025-05-27T11:49:50+00:00","dateModified":"2025-05-27T11:51:48+00:00","breadcrumb":{"@id":"https:\/\/saimaanvalo.fi\/blogi\/#breadcrumb"},"inLanguage":"en-GB","potentialAction":[{"@type":"ReadAction","target":["https:\/\/saimaanvalo.fi\/blogi\/"]}]},{"@type":"BreadcrumbList","@id":"https:\/\/saimaanvalo.fi\/blogi\/#breadcrumb","itemListElement":[{"@type":"ListItem","position":1,"name":"Etusivu","item":"https:\/\/saimaanvalo.fi\/"},{"@type":"ListItem","position":2,"name":"Blogi"}]},{"@type":"WebSite","@id":"https:\/\/saimaanvalo.fi\/#website","url":"https:\/\/saimaanvalo.fi\/","name":"Saimaanvalo","description":"Saimaanvalo tarjoaa laajasti erilaisia hyvinvoinnin palveluita.","publisher":{"@id":"https:\/\/saimaanvalo.fi\/#organization"},"potentialAction":[{"@type":"SearchAction","target":{"@type":"EntryPoint","urlTemplate":"https:\/\/saimaanvalo.fi\/?s={search_term_string}"},"query-input":{"@type":"PropertyValueSpecification","valueRequired":true,"valueName":"search_term_string"}}],"inLanguage":"en-GB"},{"@type":"Organization","@id":"https:\/\/saimaanvalo.fi\/#organization","name":"Saimaanvalo","url":"https:\/\/saimaanvalo.fi\/","logo":{"@type":"ImageObject","inLanguage":"en-GB","@id":"https:\/\/saimaanvalo.fi\/#\/schema\/logo\/image\/","url":"https:\/\/saimaanvalo.fi\/wp-content\/uploads\/2023\/06\/Saimaanvalo-ikoni-1.png","contentUrl":"https:\/\/saimaanvalo.fi\/wp-content\/uploads\/2023\/06\/Saimaanvalo-ikoni-1.png","width":500,"height":500,"caption":"Saimaanvalo"},"image":{"@id":"https:\/\/saimaanvalo.fi\/#\/schema\/logo\/image\/"}}]}},"uagb_featured_image_src":{"full":false,"thumbnail":false,"medium":false,"medium_large":false,"large":false,"1536x1536":false,"2048x2048":false,"trp-custom-language-flag":false},"uagb_author_info":{"display_name":"admin","author_link":"https:\/\/saimaanvalo.fi\/en\/author\/admin\/"},"uagb_comment_info":0,"uagb_excerpt":"Blogi","_links":{"self":[{"href":"https:\/\/saimaanvalo.fi\/en\/wp-json\/wp\/v2\/pages\/3418","targetHints":{"allow":["GET"]}}],"collection":[{"href":"https:\/\/saimaanvalo.fi\/en\/wp-json\/wp\/v2\/pages"}],"about":[{"href":"https:\/\/saimaanvalo.fi\/en\/wp-json\/wp\/v2\/types\/page"}],"author":[{"embeddable":true,"href":"https:\/\/saimaanvalo.fi\/en\/wp-json\/wp\/v2\/users\/1"}],"replies":[{"embeddable":true,"href":"https:\/\/saimaanvalo.fi\/en\/wp-json\/wp\/v2\/comments?post=3418"}],"version-history":[{"count":8,"href":"https:\/\/saimaanvalo.fi\/en\/wp-json\/wp\/v2\/pages\/3418\/revisions"}],"predecessor-version":[{"id":3426,"href":"https:\/\/saimaanvalo.fi\/en\/wp-json\/wp\/v2\/pages\/3418\/revisions\/3426"}],"wp:attachment":[{"href":"https:\/\/saimaanvalo.fi\/en\/wp-json\/wp\/v2\/media?parent=3418"}],"curies":[{"name":"wp","href":"https:\/\/api.w.org\/{rel}","templated":true}]}}